{"id":2652,"date":"2020-04-04T17:27:28","date_gmt":"2020-04-04T17:27:28","guid":{"rendered":"https:\/\/lixinart.com\/?page_id=2652"},"modified":"2020-07-23T14:09:54","modified_gmt":"2020-07-23T14:09:54","slug":"article","status":"publish","type":"page","link":"https:\/\/www.lixinart.com\/fr\/article\/","title":{"rendered":"Textes"},"content":{"rendered":"<p>[vc_section][vc_row full_width=\u00a0\u00bbstretch_row_content_no_spaces\u00a0\u00bb][vc_column]<div class=\"vlthemes_custom_6a070b4276378   vlt-spacer\" data-id=\"vlthemes_custom_6a070b4276378\" data-height=\"40\" data-height-mobile=\"40\" data-height-tab=\"40\" data-height-tab-portrait=\"\" data-height-mobile-landscape=\"\"><\/div><div class=\"vlthemes_custom_6a070b42763da   vlt-custom-title text-center\"><h2>Textes<\/h2><\/div><div class=\"vlthemes_custom_6a070b4276400   vlt-spacer\" data-id=\"vlthemes_custom_6a070b4276400\" data-height=\"40\" data-height-mobile=\"40\" data-height-tab=\"40\" data-height-tab-portrait=\"\" data-height-mobile-landscape=\"\"><\/div>[vc_single_image image=\u00a0\u00bb3648&Prime; img_size=\u00a0\u00bbfull\u00a0\u00bb][\/vc_column][\/vc_row][\/vc_section][vc_row][vc_column]\n\t\t\t<div class=\"vlthemes_custom_6a070b4276421   vlt-posts-layout2-container vlt-pagination-paged-container clearfix\">\n\n\t\t\t\t<!-- Default -->\n\t\t\t\t\n\t\t\t\t<!-- Masonry 2 Col -->\n\t\t\t\t\t\t\t\t\t<div class=\"masonry clearfix\" data-masonry-col=\"2\" data-appearance-effect=\"1\">\n\t\t\t\t\t\t<div class=\"gutter-sizer\"><\/div>\n\t\t\t\t\t\t<div class=\"grid-sizer\"><\/div>\n\n\t\t\t\t\t\t<div class=\"grid-item\">\n<article class=\"vlt-post vlt-post--style-masonry post-4168 post type-post status-publish format-standard hentry category-reviews\" id=\"post-4168\">\n\n\n\t\n\t<div class=\"vlt-post-content\">\n\n\t\t<header class=\"vlt-post-header\">\n\n\t\t\t\n<div class=\"vlt-post-meta vlt-post-meta--small\">\n\t<span><i class=\"icofont icofont-user-male\"><\/i><a href=\"https:\/\/www.lixinart.com\/fr\/author\/lixin\/\">Lixin<\/a><\/span>\n\t<span><i class=\"icofont icofont-clock-time\"><\/i><time datetime=\"2026-01-24T07:15:47+00:00\">samedi 24 janvier 2026<\/time><\/span>\n<\/div>\n<!-- \/.vlt-post-meta -->\t\t\t\n<h3 class=\"vlt-post-title\"><a href=\"https:\/\/www.lixinart.com\/fr\/li-xin-the-ebb-and-flow-of-paint-2\/\">Li Xin, La chair de l\u2019eau<\/a><\/h3>\n<!-- \/.vlt-post-title -->\n\n\t\t<\/header>\n\t\t<!-- \/.vlt-post-header -->\n\n\t\t<div class=\"vlt-post-excerpt\">\n\t\t\t\r\n\r\n\r\nPhilippe Piguet\r\n\r\nLa chair de l\u2019eau\r\nShao GuangHua\r\n\u00ab Tout na\u00eet de l\u2019eau, et l\u2019eau est la mati\u00e8re essentielle de mon \u0153uvre. \u00bb Ainsi Li Xin ... \t\t<\/div>\n\t\t<!-- \/.vlt-post-excerpt -->\n\n\t<\/div>\n\t<!-- \/.vlt-post-content -->\n\n<\/article>\n<!-- \/.vlt-post --><\/div><div class=\"grid-item\">\n<article class=\"vlt-post vlt-post--style-masonry post-3990 post type-post status-publish format-standard hentry category-reviews\" id=\"post-3990\">\n\n\n\t\n\t<div class=\"vlt-post-content\">\n\n\t\t<header class=\"vlt-post-header\">\n\n\t\t\t\n<div class=\"vlt-post-meta vlt-post-meta--small\">\n\t<span><i class=\"icofont icofont-user-male\"><\/i><a href=\"https:\/\/www.lixinart.com\/fr\/author\/lixin\/\">Lixin<\/a><\/span>\n\t<span><i class=\"icofont icofont-clock-time\"><\/i><time datetime=\"2023-01-11T06:12:04+00:00\">mercredi 11 janvier 2023<\/time><\/span>\n<\/div>\n<!-- \/.vlt-post-meta -->\t\t\t\n<h3 class=\"vlt-post-title\"><a href=\"https:\/\/www.lixinart.com\/fr\/li-xin-the-ebb-and-flow-of-paint\/\">Entretien avec Philippe Piguet<\/a><\/h3>\n<!-- \/.vlt-post-title -->\n\n\t\t<\/header>\n\t\t<!-- \/.vlt-post-header -->\n\n\t\t<div class=\"vlt-post-excerpt\">\n\t\t\t\r\n\r\n\r\nPhilippe Piguet et Li Xin, 2022\r\n\r\n\r\nPhilippe: En 2002, apres avoir suivi I&#039;enseignement de llnstitut central des beaux-arts et decoratifs de la Chine, vous ... \t\t<\/div>\n\t\t<!-- \/.vlt-post-excerpt -->\n\n\t<\/div>\n\t<!-- \/.vlt-post-content -->\n\n<\/article>\n<!-- \/.vlt-post --><\/div><div class=\"grid-item\">\n<article class=\"vlt-post vlt-post--style-masonry post-3585 post type-post status-publish format-standard hentry category-reviews\" id=\"post-3585\">\n\n\n\t\n\t<div class=\"vlt-post-content\">\n\n\t\t<header class=\"vlt-post-header\">\n\n\t\t\t\n<div class=\"vlt-post-meta vlt-post-meta--small\">\n\t<span><i class=\"icofont icofont-user-male\"><\/i><a href=\"https:\/\/www.lixinart.com\/fr\/author\/contactxiangyu-fr\/\">LI XIN<\/a><\/span>\n\t<span><i class=\"icofont icofont-clock-time\"><\/i><time datetime=\"2020-07-04T16:45:41+00:00\">samedi  4 juillet 2020<\/time><\/span>\n<\/div>\n<!-- \/.vlt-post-meta -->\t\t\t\n<h3 class=\"vlt-post-title\"><a href=\"https:\/\/www.lixinart.com\/fr\/lagunes\/\">Lagunes<\/a><\/h3>\n<!-- \/.vlt-post-title -->\n\n\t\t<\/header>\n\t\t<!-- \/.vlt-post-header -->\n\n\t\t<div class=\"vlt-post-excerpt\">\n\t\t\t\r\n\r\n\r\nHenry-Claude Cousseau\r\n\r\nLi Xin se d\u00e9fend d\u2019\u00eatre peintre. On ne saurait que lui donner raison tant il est difficile de parler strictement, \u00e0 propos ... \t\t<\/div>\n\t\t<!-- \/.vlt-post-excerpt -->\n\n\t<\/div>\n\t<!-- \/.vlt-post-content -->\n\n<\/article>\n<!-- \/.vlt-post --><\/div><div class=\"grid-item\">\n<article class=\"vlt-post vlt-post--style-masonry post-4006 post type-post status-publish format-standard hentry category-reviews\" id=\"post-4006\">\n\n\n\t\n\t<div class=\"vlt-post-content\">\n\n\t\t<header class=\"vlt-post-header\">\n\n\t\t\t\n<div class=\"vlt-post-meta vlt-post-meta--small\">\n\t<span><i class=\"icofont icofont-user-male\"><\/i><a href=\"https:\/\/www.lixinart.com\/fr\/author\/lixin\/\">Lixin<\/a><\/span>\n\t<span><i class=\"icofont icofont-clock-time\"><\/i><time datetime=\"2023-01-12T07:28:49+00:00\">jeudi 12 janvier 2023<\/time><\/span>\n<\/div>\n<!-- \/.vlt-post-meta -->\t\t\t\n<h3 class=\"vlt-post-title\"><a href=\"https:\/\/www.lixinart.com\/fr\/if-the-ether-will-never-die-li-xins-ether-duree-space\/\">Si l\u2019\u00e9ther ne mourrait jamais \u2014\u2014 L\u2019\u00a0espace dur\u00e9 de l\u2019\u00e9ther  de Li Xin<\/a><\/h3>\n<!-- \/.vlt-post-title -->\n\n\t\t<\/header>\n\t\t<!-- \/.vlt-post-header -->\n\n\t\t<div class=\"vlt-post-excerpt\">\n\t\t\t\r\n\r\nPar LIN Yunke\r\n\r\nEn 1887, Albert A. Michelson, qui devint plus tard le premier Am\u00e9ricain \u00e0 remporter le prix Nobel des sciences, rejoignit Edward ... \t\t<\/div>\n\t\t<!-- \/.vlt-post-excerpt -->\n\n\t<\/div>\n\t<!-- \/.vlt-post-content -->\n\n<\/article>\n<!-- \/.vlt-post --><\/div><div class=\"grid-item\">\n<article class=\"vlt-post vlt-post--style-masonry post-2480 post type-post status-publish format-standard hentry category-reviews\" id=\"post-2480\">\n\n\n\t\n\t<div class=\"vlt-post-content\">\n\n\t\t<header class=\"vlt-post-header\">\n\n\t\t\t\n<div class=\"vlt-post-meta vlt-post-meta--small\">\n\t<span><i class=\"icofont icofont-user-male\"><\/i><a href=\"https:\/\/www.lixinart.com\/fr\/author\/contactxiangyu-fr\/\">LI XIN<\/a><\/span>\n\t<span><i class=\"icofont icofont-clock-time\"><\/i><time datetime=\"2018-07-02T18:46:39+00:00\">lundi  2 juillet 2018<\/time><\/span>\n<\/div>\n<!-- \/.vlt-post-meta -->\t\t\t\n<h3 class=\"vlt-post-title\"><a href=\"https:\/\/www.lixinart.com\/fr\/minimal-work-place\/\">Li Xin, flux et reflux de la peinture<\/a><\/h3>\n<!-- \/.vlt-post-title -->\n\n\t\t<\/header>\n\t\t<!-- \/.vlt-post-header -->\n\n\t\t<div class=\"vlt-post-excerpt\">\n\t\t\t\r\n\r\n\r\nPhilippe Piguet\r\n\r\n\u00ab\u00a0Le sujet, c\u2019est toi-m\u00eame, ce sont tes impressions, tes \u00e9motions devant la nature. C\u2019est en toi qu\u2019il faut regarder et non autour ... \t\t<\/div>\n\t\t<!-- \/.vlt-post-excerpt -->\n\n\t<\/div>\n\t<!-- \/.vlt-post-content -->\n\n<\/article>\n<!-- \/.vlt-post --><\/div><div class=\"grid-item\">\n<article class=\"vlt-post vlt-post--style-masonry post-3587 post type-post status-publish format-standard hentry category-reviews\" id=\"post-3587\">\n\n\n\t\n\t<div class=\"vlt-post-content\">\n\n\t\t<header class=\"vlt-post-header\">\n\n\t\t\t\n<div class=\"vlt-post-meta vlt-post-meta--small\">\n\t<span><i class=\"icofont icofont-user-male\"><\/i><a href=\"https:\/\/www.lixinart.com\/fr\/author\/contactxiangyu-fr\/\">LI XIN<\/a><\/span>\n\t<span><i class=\"icofont icofont-clock-time\"><\/i><time datetime=\"2020-07-04T16:50:59+00:00\">samedi  4 juillet 2020<\/time><\/span>\n<\/div>\n<!-- \/.vlt-post-meta -->\t\t\t\n<h3 class=\"vlt-post-title\"><a href=\"https:\/\/www.lixinart.com\/fr\/li-xins-secret-formula\/\">Forme et vacuit\u00e9, un m\u00eame univers<\/a><\/h3>\n<!-- \/.vlt-post-title -->\n\n\t\t<\/header>\n\t\t<!-- \/.vlt-post-header -->\n\n\t\t<div class=\"vlt-post-excerpt\">\n\t\t\t\r\n\r\n\r\nShu Yang\r\n\r\nLes premi\u00e8res \u0153uvres de Li Xin en tant qu\u2019artiste accompli, qu\u2019elles aient \u00e9t\u00e9 ex\u00e9cut\u00e9es \u00e0 l\u2019huile ou au lavis, ont pour caract\u00e9ristique ... \t\t<\/div>\n\t\t<!-- \/.vlt-post-excerpt -->\n\n\t<\/div>\n\t<!-- \/.vlt-post-content -->\n\n<\/article>\n<!-- \/.vlt-post --><\/div><div class=\"grid-item\">\n<article class=\"vlt-post vlt-post--style-masonry post-3734 post type-post status-publish format-standard hentry category-reviews\" id=\"post-3734\">\n\n\n\t\n\t<div class=\"vlt-post-content\">\n\n\t\t<header class=\"vlt-post-header\">\n\n\t\t\t\n<div class=\"vlt-post-meta vlt-post-meta--small\">\n\t<span><i class=\"icofont icofont-user-male\"><\/i><a href=\"https:\/\/www.lixinart.com\/fr\/author\/contactxiangyu-fr\/\">LI XIN<\/a><\/span>\n\t<span><i class=\"icofont icofont-clock-time\"><\/i><time datetime=\"2020-07-23T14:04:21+00:00\">jeudi 23 juillet 2020<\/time><\/span>\n<\/div>\n<!-- \/.vlt-post-meta -->\t\t\t\n<h3 class=\"vlt-post-title\"><a href=\"https:\/\/www.lixinart.com\/fr\/stones-and-clouds-move\/\">LES PIERRES COMME LES NUAGES&#8230; BOUGENT.<\/a><\/h3>\n<!-- \/.vlt-post-title -->\n\n\t\t<\/header>\n\t\t<!-- \/.vlt-post-header -->\n\n\t\t<div class=\"vlt-post-excerpt\">\n\t\t\t\r\n\r\n\r\nChristine Cayol\r\n\r\nQuelle force \u00e9trange pousse le bambou \u00e0 s\u2019orienter vers le ciel\uff1fNul ne peut r\u00e9pondre \u00e0 cette question sauf \u00e0 entrer dans le ... \t\t<\/div>\n\t\t<!-- \/.vlt-post-excerpt -->\n\n\t<\/div>\n\t<!-- \/.vlt-post-content -->\n\n<\/article>\n<!-- \/.vlt-post --><\/div>\t\t\t\t\t<\/div>\n\t\t\t\t\t<!-- \/.masonry -->\n\t\t\t\t\n\t\t\t\t<!-- Masonry 3 Col -->\n\t\t\t\t\n\t\t\t\t<!-- First Default \/ Other Masonry 2 Col -->\n\t\t\t\t\n\t\t\t\t<!-- First Default \/ Other Masonry 3 Col -->\n\t\t\t\t\n\t\t\t\t<!-- Default \/ Every second and third post Masonry -->\n\t\t\t\t\n\t\t\t\t\n\t\t\t<\/div>\n\n\t\t[vc_row_inner][vc_column_inner]<div class=\"vlthemes_custom_6a070b427dbbb   vlt-spacer\" data-id=\"vlthemes_custom_6a070b427dbbb\" data-height=\"80\" data-height-mobile=\"80\" data-height-tab=\"80\" data-height-tab-portrait=\"\" data-height-mobile-landscape=\"\"><\/div>[\/vc_column_inner][\/vc_row_inner][\/vc_column][\/vc_row]<\/p>\n","protected":false},"excerpt":{"rendered":"[vc_row][vc_column][vc_column_text]","protected":false},"author":1,"featured_media":0,"parent":0,"menu_order":13,"comment_status":"closed","ping_status":"closed","template":"","meta":[],"yoast_head":"<!-- This site is optimized with the Yoast SEO plugin v14.6.1 - https:\/\/yoast.com\/wordpress\/plugins\/seo\/ -->\n<title>Textes - LI XIN \u674e\u6615<\/title>\n<meta name=\"description\" content=\"LI XIN \u674e\u6615 Textes\" \/>\n<meta name=\"robots\" content=\"index, follow\" \/>\n<meta name=\"googlebot\" content=\"index, follow, max-snippet:-1, max-image-preview:large, max-video-preview:-1\" \/>\n<meta name=\"bingbot\" content=\"index, follow, max-snippet:-1, max-image-preview:large, max-video-preview:-1\" \/>\n<link rel=\"canonical\" href=\"https:\/\/www.lixinart.com\/article\/\" \/>\n<meta property=\"og:locale\" content=\"fr_FR\" \/>\n<meta property=\"og:type\" content=\"article\" \/>\n<meta property=\"og:title\" content=\"Textes - LI XIN \u674e\u6615\" \/>\n<meta property=\"og:description\" content=\"LI XIN \u674e\u6615 Textes\" \/>\n<meta property=\"og:url\" content=\"https:\/\/www.lixinart.com\/article\/\" \/>\n<meta property=\"og:site_name\" content=\"LI XIN \u674e\u6615\" \/>\n<meta property=\"article:modified_time\" content=\"2020-07-23T14:09:54+00:00\" \/>\n<meta name=\"twitter:card\" content=\"summary_large_image\" \/>\n<script type=\"application\/ld+json\" class=\"yoast-schema-graph\">{\"@context\":\"https:\/\/schema.org\",\"@graph\":[{\"@type\":[\"Person\",\"Organization\"],\"@id\":\"https:\/\/www.lixinart.com\/fr\/#\/schema\/person\/016c5744317eb64a4c82c91c0f15d2ed\",\"name\":\"LI XIN\",\"image\":{\"@type\":\"ImageObject\",\"@id\":\"https:\/\/www.lixinart.com\/fr\/#personlogo\",\"inLanguage\":\"fr-FR\",\"url\":\"https:\/\/secure.gravatar.com\/avatar\/b6fe14e6e3a551f699aca30f85c9f233?s=96&d=mm&r=g\",\"caption\":\"LI XIN\"},\"logo\":{\"@id\":\"https:\/\/www.lixinart.com\/fr\/#personlogo\"}},{\"@type\":\"WebSite\",\"@id\":\"https:\/\/www.lixinart.com\/fr\/#website\",\"url\":\"https:\/\/www.lixinart.com\/fr\/\",\"name\":\"LI XIN \\u674e\\u6615\",\"description\":\"Atelier Lixin\",\"publisher\":{\"@id\":\"https:\/\/www.lixinart.com\/fr\/#\/schema\/person\/016c5744317eb64a4c82c91c0f15d2ed\"},\"potentialAction\":[{\"@type\":\"SearchAction\",\"target\":\"https:\/\/www.lixinart.com\/fr\/?s={search_term_string}\",\"query-input\":\"required name=search_term_string\"}],\"inLanguage\":\"fr-FR\"},{\"@type\":\"WebPage\",\"@id\":\"https:\/\/www.lixinart.com\/article\/#webpage\",\"url\":\"https:\/\/www.lixinart.com\/article\/\",\"name\":\"Textes - LI XIN \\u674e\\u6615\",\"isPartOf\":{\"@id\":\"https:\/\/www.lixinart.com\/fr\/#website\"},\"datePublished\":\"2020-04-04T17:27:28+00:00\",\"dateModified\":\"2020-07-23T14:09:54+00:00\",\"description\":\"LI XIN \\u674e\\u6615 Textes\",\"inLanguage\":\"fr-FR\",\"potentialAction\":[{\"@type\":\"ReadAction\",\"target\":[\"https:\/\/www.lixinart.com\/article\/\"]}]}]}<\/script>\n<!-- \/ Yoast SEO plugin. -->","_links":{"self":[{"href":"https:\/\/www.lixinart.com\/fr\/wp-json\/wp\/v2\/pages\/2652"}],"collection":[{"href":"https:\/\/www.lixinart.com\/fr\/wp-json\/wp\/v2\/pages"}],"about":[{"href":"https:\/\/www.lixinart.com\/fr\/wp-json\/wp\/v2\/types\/page"}],"author":[{"embeddable":true,"href":"https:\/\/www.lixinart.com\/fr\/wp-json\/wp\/v2\/users\/1"}],"replies":[{"embeddable":true,"href":"https:\/\/www.lixinart.com\/fr\/wp-json\/wp\/v2\/comments?post=2652"}],"version-history":[{"count":33,"href":"https:\/\/www.lixinart.com\/fr\/wp-json\/wp\/v2\/pages\/2652\/revisions"}],"predecessor-version":[{"id":3736,"href":"https:\/\/www.lixinart.com\/fr\/wp-json\/wp\/v2\/pages\/2652\/revisions\/3736"}],"wp:attachment":[{"href":"https:\/\/www.lixinart.com\/fr\/wp-json\/wp\/v2\/media?parent=2652"}],"curies":[{"name":"wp","href":"https:\/\/api.w.org\/{rel}","templated":true}]}}