{"id":2683,"date":"2020-04-04T19:45:02","date_gmt":"2020-04-04T19:45:02","guid":{"rendered":"https:\/\/lixinart.com\/?page_id=2683"},"modified":"2020-07-23T15:22:45","modified_gmt":"2020-07-23T15:22:45","slug":"news","status":"publish","type":"page","link":"https:\/\/www.lixinart.com\/fr\/news\/","title":{"rendered":"Actualit\u00e9s"},"content":{"rendered":"<p>[vc_section][vc_row][vc_column]<div class=\"vlthemes_custom_69e9222a810e9   vlt-spacer\" data-id=\"vlthemes_custom_69e9222a810e9\" data-height=\"40\" data-height-mobile=\"40\" data-height-tab=\"40\" data-height-tab-portrait=\"\" data-height-mobile-landscape=\"\"><\/div><div class=\"vlthemes_custom_69e9222a81122   vlt-custom-title text-center\"><h2>Actualit\u00e9s<\/h2><\/div><div class=\"vlthemes_custom_69e9222a8114d   vlt-spacer\" data-id=\"vlthemes_custom_69e9222a8114d\" data-height=\"40\" data-height-mobile=\"40\" data-height-tab=\"40\" data-height-tab-portrait=\"\" data-height-mobile-landscape=\"\"><\/div>[\/vc_column][vc_column]\n\t\t\t<div class=\"vlthemes_custom_69e9222a8116e   vlt-posts-layout2-container vlt-pagination-none-container clearfix\">\n\n\t\t\t\t<!-- Default -->\n\t\t\t\t\n\t\t\t\t<!-- Masonry 2 Col -->\n\t\t\t\t\t\t\t\t\t<div class=\"masonry clearfix\" data-masonry-col=\"2\" data-appearance-effect=\"1\">\n\t\t\t\t\t\t<div class=\"gutter-sizer\"><\/div>\n\t\t\t\t\t\t<div class=\"grid-sizer\"><\/div>\n\n\t\t\t\t\t\t<div class=\"grid-item\">\n<article class=\"vlt-post vlt-post--style-masonry post-3788 post type-post status-publish format-standard has-post-thumbnail hentry category-news\" id=\"post-3788\">\n\n\n\t\n\t\t<div class=\"vlt-post-thumbnail clearfix\">\n\t\t\t<img width=\"481\" height=\"343\" src=\"https:\/\/www.lixinart.com\/wp-content\/uploads\/2021\/02\/feuture2.jpg\" class=\"\" alt=\"\" loading=\"lazy\" srcset=\"https:\/\/www.lixinart.com\/wp-content\/uploads\/2021\/02\/feuture2.jpg 481w, https:\/\/www.lixinart.com\/wp-content\/uploads\/2021\/02\/feuture2-300x214.jpg 300w\" sizes=\"(max-width: 481px) 100vw, 481px\" \/>\t\t\t\n<a class=\"vlt-post-thumbnail__link\" href=\"https:\/\/www.lixinart.com\/fr\/musee-rodin-li-xins-paintings-being-mounted\/\"><\/a>\n<!-- \/.vlt-post-thumbnail__link -->\t\t<\/div>\n\t\t<!-- \/.vlt-post-thumbnail -->\n\n\t\n\t<div class=\"vlt-post-content\">\n\n\t\t<header class=\"vlt-post-header\">\n\n\t\t\t\n<div class=\"vlt-post-meta vlt-post-meta--small\">\n\t<span><i class=\"icofont icofont-user-male\"><\/i><a href=\"https:\/\/www.lixinart.com\/fr\/author\/lixin\/\">Lixin<\/a><\/span>\n\t<span><i class=\"icofont icofont-clock-time\"><\/i><time datetime=\"2021-02-01T13:10:17+00:00\">lundi  1 f\u00e9vrier 2021<\/time><\/span>\n<\/div>\n<!-- \/.vlt-post-meta -->\t\t\t\n<h3 class=\"vlt-post-title\"><a href=\"https:\/\/www.lixinart.com\/fr\/musee-rodin-li-xins-paintings-being-mounted\/\">Mus\u00e9e Rodin &#8211; Montage des peintures de Li Xin<\/a><\/h3>\n<!-- \/.vlt-post-title -->\n\n\t\t<\/header>\n\t\t<!-- \/.vlt-post-header -->\n\n\t\t<div class=\"vlt-post-excerpt\">\n\t\t\t\r\n\r\n\r\n2021-01-21\r\n\r\n\r\n\r\n\r\n\r\n\r\n\r\n\r\nOooooooondes, huit pi\u00e8ces de la s\u00e9rie la plus r\u00e9cente de Li Xin ont \u00e9t\u00e9 envoy\u00e9es au Mus\u00e9e Rodin \u00e0 Paris pour faire partie ... \t\t<\/div>\n\t\t<!-- \/.vlt-post-excerpt -->\n\n\t<\/div>\n\t<!-- \/.vlt-post-content -->\n\n<\/article>\n<!-- \/.vlt-post --><\/div><div class=\"grid-item\">\n<article class=\"vlt-post vlt-post--style-masonry post-2693 post type-post status-publish format-standard has-post-thumbnail hentry category-news\" id=\"post-2693\">\n\n\n\t\n\t\t<div class=\"vlt-post-thumbnail clearfix\">\n\t\t\t<img width=\"720\" height=\"509\" src=\"https:\/\/www.lixinart.com\/wp-content\/uploads\/2020\/04\/actualite-musee-gumet-01-720x509.jpg\" class=\"\" alt=\"\" loading=\"lazy\" \/>\t\t\t\n<a class=\"vlt-post-thumbnail__link\" href=\"https:\/\/www.lixinart.com\/fr\/lorem-ipsum-2\/\"><\/a>\n<!-- \/.vlt-post-thumbnail__link -->\t\t<\/div>\n\t\t<!-- \/.vlt-post-thumbnail -->\n\n\t\n\t<div class=\"vlt-post-content\">\n\n\t\t<header class=\"vlt-post-header\">\n\n\t\t\t\n<div class=\"vlt-post-meta vlt-post-meta--small\">\n\t<span><i class=\"icofont icofont-user-male\"><\/i><a href=\"https:\/\/www.lixinart.com\/fr\/author\/contactxiangyu-fr\/\">LI XIN<\/a><\/span>\n\t<span><i class=\"icofont icofont-clock-time\"><\/i><time datetime=\"2020-04-04T20:00:33+00:00\">samedi  4 avril 2020<\/time><\/span>\n<\/div>\n<!-- \/.vlt-post-meta -->\t\t\t\n<h3 class=\"vlt-post-title\"><a href=\"https:\/\/www.lixinart.com\/fr\/lorem-ipsum-2\/\">Exposition   Mus\u00e9e Guimet, Paris<\/a><\/h3>\n<!-- \/.vlt-post-title -->\n\n\t\t<\/header>\n\t\t<!-- \/.vlt-post-header -->\n\n\t\t<div class=\"vlt-post-excerpt\">\n\t\t\t\r\n\r\n\r\n\r\n2015.1.21, \u8fb0\u7533\u2e92\u672a\u5348 est maintenant visible dans les collections permanentes du muse\u0301e Guimet. L\u2019oeuvre de Li Xin a acquis une reconnaissance internationale aupre\u0300s de ... \t\t<\/div>\n\t\t<!-- \/.vlt-post-excerpt -->\n\n\t<\/div>\n\t<!-- \/.vlt-post-content -->\n\n<\/article>\n<!-- \/.vlt-post --><\/div><div class=\"grid-item\">\n<article class=\"vlt-post vlt-post--style-masonry post-3571 post type-post status-publish format-standard has-post-thumbnail hentry category-news\" id=\"post-3571\">\n\n\n\t\n\t\t<div class=\"vlt-post-thumbnail clearfix\">\n\t\t\t<img width=\"482\" height=\"341\" src=\"https:\/\/www.lixinart.com\/wp-content\/uploads\/2020\/07\/himalaya.jpg\" class=\"\" alt=\"\" loading=\"lazy\" srcset=\"https:\/\/www.lixinart.com\/wp-content\/uploads\/2020\/07\/himalaya.jpg 482w, https:\/\/www.lixinart.com\/wp-content\/uploads\/2020\/07\/himalaya-300x212.jpg 300w\" sizes=\"(max-width: 482px) 100vw, 482px\" \/>\t\t\t\n<a class=\"vlt-post-thumbnail__link\" href=\"https:\/\/www.lixinart.com\/fr\/himalaya\/\"><\/a>\n<!-- \/.vlt-post-thumbnail__link -->\t\t<\/div>\n\t\t<!-- \/.vlt-post-thumbnail -->\n\n\t\n\t<div class=\"vlt-post-content\">\n\n\t\t<header class=\"vlt-post-header\">\n\n\t\t\t\n<div class=\"vlt-post-meta vlt-post-meta--small\">\n\t<span><i class=\"icofont icofont-user-male\"><\/i><a href=\"https:\/\/www.lixinart.com\/fr\/author\/contactxiangyu-fr\/\">LI XIN<\/a><\/span>\n\t<span><i class=\"icofont icofont-clock-time\"><\/i><time datetime=\"2020-07-04T16:17:30+00:00\">samedi  4 juillet 2020<\/time><\/span>\n<\/div>\n<!-- \/.vlt-post-meta -->\t\t\t\n<h3 class=\"vlt-post-title\"><a href=\"https:\/\/www.lixinart.com\/fr\/himalaya\/\">Information Expo Musee Himalaya<\/a><\/h3>\n<!-- \/.vlt-post-title -->\n\n\t\t<\/header>\n\t\t<!-- \/.vlt-post-header -->\n\n\t\t<div class=\"vlt-post-excerpt\">\n\t\t\tLes oeuvres d&#039;encre de Li Xin font partie de\u00a0 &quot;Still, Waters Run Deep&quot;, une exposition de groupe au Himalayan Museum of Art de ... \t\t<\/div>\n\t\t<!-- \/.vlt-post-excerpt -->\n\n\t<\/div>\n\t<!-- \/.vlt-post-content -->\n\n<\/article>\n<!-- \/.vlt-post --><\/div><div class=\"grid-item\">\n<article class=\"vlt-post vlt-post--style-masonry post-2879 post type-post status-publish format-standard has-post-thumbnail hentry category-news\" id=\"post-2879\">\n\n\n\t\n\t\t<div class=\"vlt-post-thumbnail clearfix\">\n\t\t\t<img width=\"482\" height=\"340\" src=\"https:\/\/www.lixinart.com\/wp-content\/uploads\/2018\/04\/serve.jpg\" class=\"\" alt=\"\" loading=\"lazy\" srcset=\"https:\/\/www.lixinart.com\/wp-content\/uploads\/2018\/04\/serve.jpg 482w, https:\/\/www.lixinart.com\/wp-content\/uploads\/2018\/04\/serve-300x212.jpg 300w\" sizes=\"(max-width: 482px) 100vw, 482px\" \/>\t\t\t\n<a class=\"vlt-post-thumbnail__link\" href=\"https:\/\/www.lixinart.com\/fr\/galerie-de-sevres\/\"><\/a>\n<!-- \/.vlt-post-thumbnail__link -->\t\t<\/div>\n\t\t<!-- \/.vlt-post-thumbnail -->\n\n\t\n\t<div class=\"vlt-post-content\">\n\n\t\t<header class=\"vlt-post-header\">\n\n\t\t\t\n<div class=\"vlt-post-meta vlt-post-meta--small\">\n\t<span><i class=\"icofont icofont-user-male\"><\/i><a href=\"https:\/\/www.lixinart.com\/fr\/author\/contactxiangyu-fr\/\">LI XIN<\/a><\/span>\n\t<span><i class=\"icofont icofont-clock-time\"><\/i><time datetime=\"2018-04-11T13:41:11+00:00\">mercredi 11 avril 2018<\/time><\/span>\n<\/div>\n<!-- \/.vlt-post-meta -->\t\t\t\n<h3 class=\"vlt-post-title\"><a href=\"https:\/\/www.lixinart.com\/fr\/galerie-de-sevres\/\">Galerie de s\u00e8vres EXHIBITION INFORMATION<\/a><\/h3>\n<!-- \/.vlt-post-title -->\n\n\t\t<\/header>\n\t\t<!-- \/.vlt-post-header -->\n\n\t\t<div class=\"vlt-post-excerpt\">\n\t\t\t\r\nC\u2019est la premi\u00e8re fois j\u2019ai touch\u00e9 la c\u00e9ramique, quand je suis devant une plaque blache, je trouve c\u2019est d\u00e9ja parfaitement tr\u00e8s beau, il ... \t\t<\/div>\n\t\t<!-- \/.vlt-post-excerpt -->\n\n\t<\/div>\n\t<!-- \/.vlt-post-content -->\n\n<\/article>\n<!-- \/.vlt-post --><\/div><div class=\"grid-item\">\n<article class=\"vlt-post vlt-post--style-masonry post-3558 post type-post status-publish format-standard has-post-thumbnail hentry category-news\" id=\"post-3558\">\n\n\n\t\n\t\t<div class=\"vlt-post-thumbnail clearfix\">\n\t\t\t<img width=\"720\" height=\"506\" src=\"https:\/\/www.lixinart.com\/wp-content\/uploads\/2020\/07\/actualite-musee-des-beaux-arts-de-lyon-2017-02-720x506.jpg\" class=\"\" alt=\"\" loading=\"lazy\" \/>\t\t\t\n<a class=\"vlt-post-thumbnail__link\" href=\"https:\/\/www.lixinart.com\/fr\/information-expo-musee-des-beaux-arts-de-lyon\/\"><\/a>\n<!-- \/.vlt-post-thumbnail__link -->\t\t<\/div>\n\t\t<!-- \/.vlt-post-thumbnail -->\n\n\t\n\t<div class=\"vlt-post-content\">\n\n\t\t<header class=\"vlt-post-header\">\n\n\t\t\t\n<div class=\"vlt-post-meta vlt-post-meta--small\">\n\t<span><i class=\"icofont icofont-user-male\"><\/i><a href=\"https:\/\/www.lixinart.com\/fr\/author\/contactxiangyu-fr\/\">LI XIN<\/a><\/span>\n\t<span><i class=\"icofont icofont-clock-time\"><\/i><time datetime=\"2020-07-04T15:38:45+00:00\">samedi  4 juillet 2020<\/time><\/span>\n<\/div>\n<!-- \/.vlt-post-meta -->\t\t\t\n<h3 class=\"vlt-post-title\"><a href=\"https:\/\/www.lixinart.com\/fr\/information-expo-musee-des-beaux-arts-de-lyon\/\">Information Expo Musee des beaux-arts de lyon<\/a><\/h3>\n<!-- \/.vlt-post-title -->\n\n\t\t<\/header>\n\t\t<!-- \/.vlt-post-header -->\n\n\t\t<div class=\"vlt-post-excerpt\">\n\t\t\tLi Xin a une exposition personnelle au Mus\u00e9e de Lyon en France, &quot;Lagunes&quot;, qui pr\u00e9sente un aper\u00e7u complet du travail de Li Xin ... \t\t<\/div>\n\t\t<!-- \/.vlt-post-excerpt -->\n\n\t<\/div>\n\t<!-- \/.vlt-post-content -->\n\n<\/article>\n<!-- \/.vlt-post --><\/div>\t\t\t\t\t<\/div>\n\t\t\t\t\t<!-- \/.masonry -->\n\t\t\t\t\n\t\t\t\t<!-- Masonry 3 Col -->\n\t\t\t\t\n\t\t\t\t<!-- First Default \/ Other Masonry 2 Col -->\n\t\t\t\t\n\t\t\t\t<!-- First Default \/ Other Masonry 3 Col -->\n\t\t\t\t\n\t\t\t\t<!-- Default \/ Every second and third post Masonry -->\n\t\t\t\t\n\t\t\t\t\n\t\t\t<\/div>\n\n\t\t[\/vc_column][vc_column]<div class=\"vlthemes_custom_69e9222a8a314   vlt-spacer\" data-id=\"vlthemes_custom_69e9222a8a314\" data-height=\"40\" data-height-mobile=\"40\" data-height-tab=\"40\" data-height-tab-portrait=\"\" data-height-mobile-landscape=\"\"><\/div>[\/vc_column][\/vc_row][\/vc_section]<\/p>\n","protected":false},"excerpt":{"rendered":"[vc_row][vc_column][vc_column_text]Li Xin a une exposition personnelle au Mus\u00e9e de Lyon en France, \"Lagunes\", qui pr\u00e9sente un aper\u00e7u complet du travail de Li Xin dans le domaine de la peinture et de la c\u00e9ramique au cours des cinq derni\u00e8res ann\u00e9es.[\/vc_column_text][\/vc_column][\/vc_row][vc_row][vc_column][\/vc_column][\/vc_row]","protected":false},"author":1,"featured_media":0,"parent":0,"menu_order":13,"comment_status":"closed","ping_status":"closed","template":"template-custom-page.php","meta":[],"yoast_head":"<!-- This site is optimized with the Yoast SEO plugin v14.6.1 - https:\/\/yoast.com\/wordpress\/plugins\/seo\/ -->\n<title>Actualit\u00e9s - LI XIN \u674e\u6615<\/title>\n<meta name=\"description\" content=\"LI XIN \u674e\u6615 Actualit\u00e9s\" \/>\n<meta name=\"robots\" content=\"index, follow\" \/>\n<meta name=\"googlebot\" content=\"index, follow, max-snippet:-1, max-image-preview:large, max-video-preview:-1\" \/>\n<meta name=\"bingbot\" content=\"index, follow, max-snippet:-1, max-image-preview:large, max-video-preview:-1\" \/>\n<link rel=\"canonical\" href=\"https:\/\/www.lixinart.com\/news\/\" \/>\n<meta property=\"og:locale\" content=\"fr_FR\" \/>\n<meta property=\"og:type\" content=\"article\" \/>\n<meta property=\"og:title\" content=\"Actualit\u00e9s - LI XIN \u674e\u6615\" \/>\n<meta property=\"og:description\" content=\"LI XIN \u674e\u6615 Actualit\u00e9s\" \/>\n<meta property=\"og:url\" content=\"https:\/\/www.lixinart.com\/news\/\" \/>\n<meta property=\"og:site_name\" content=\"LI XIN \u674e\u6615\" \/>\n<meta property=\"article:modified_time\" content=\"2020-07-23T15:22:45+00:00\" \/>\n<meta name=\"twitter:card\" content=\"summary_large_image\" \/>\n<script type=\"application\/ld+json\" class=\"yoast-schema-graph\">{\"@context\":\"https:\/\/schema.org\",\"@graph\":[{\"@type\":[\"Person\",\"Organization\"],\"@id\":\"https:\/\/www.lixinart.com\/fr\/#\/schema\/person\/016c5744317eb64a4c82c91c0f15d2ed\",\"name\":\"LI XIN\",\"image\":{\"@type\":\"ImageObject\",\"@id\":\"https:\/\/www.lixinart.com\/fr\/#personlogo\",\"inLanguage\":\"fr-FR\",\"url\":\"https:\/\/secure.gravatar.com\/avatar\/b6fe14e6e3a551f699aca30f85c9f233?s=96&d=mm&r=g\",\"caption\":\"LI XIN\"},\"logo\":{\"@id\":\"https:\/\/www.lixinart.com\/fr\/#personlogo\"}},{\"@type\":\"WebSite\",\"@id\":\"https:\/\/www.lixinart.com\/fr\/#website\",\"url\":\"https:\/\/www.lixinart.com\/fr\/\",\"name\":\"LI XIN \\u674e\\u6615\",\"description\":\"Atelier Lixin\",\"publisher\":{\"@id\":\"https:\/\/www.lixinart.com\/fr\/#\/schema\/person\/016c5744317eb64a4c82c91c0f15d2ed\"},\"potentialAction\":[{\"@type\":\"SearchAction\",\"target\":\"https:\/\/www.lixinart.com\/fr\/?s={search_term_string}\",\"query-input\":\"required name=search_term_string\"}],\"inLanguage\":\"fr-FR\"},{\"@type\":\"WebPage\",\"@id\":\"https:\/\/www.lixinart.com\/news\/#webpage\",\"url\":\"https:\/\/www.lixinart.com\/news\/\",\"name\":\"Actualit\\u00e9s - LI XIN \\u674e\\u6615\",\"isPartOf\":{\"@id\":\"https:\/\/www.lixinart.com\/fr\/#website\"},\"datePublished\":\"2020-04-04T19:45:02+00:00\",\"dateModified\":\"2020-07-23T15:22:45+00:00\",\"description\":\"LI XIN \\u674e\\u6615 Actualit\\u00e9s\",\"inLanguage\":\"fr-FR\",\"potentialAction\":[{\"@type\":\"ReadAction\",\"target\":[\"https:\/\/www.lixinart.com\/news\/\"]}]}]}<\/script>\n<!-- \/ Yoast SEO plugin. -->","_links":{"self":[{"href":"https:\/\/www.lixinart.com\/fr\/wp-json\/wp\/v2\/pages\/2683"}],"collection":[{"href":"https:\/\/www.lixinart.com\/fr\/wp-json\/wp\/v2\/pages"}],"about":[{"href":"https:\/\/www.lixinart.com\/fr\/wp-json\/wp\/v2\/types\/page"}],"author":[{"embeddable":true,"href":"https:\/\/www.lixinart.com\/fr\/wp-json\/wp\/v2\/users\/1"}],"replies":[{"embeddable":true,"href":"https:\/\/www.lixinart.com\/fr\/wp-json\/wp\/v2\/comments?post=2683"}],"version-history":[{"count":24,"href":"https:\/\/www.lixinart.com\/fr\/wp-json\/wp\/v2\/pages\/2683\/revisions"}],"predecessor-version":[{"id":3751,"href":"https:\/\/www.lixinart.com\/fr\/wp-json\/wp\/v2\/pages\/2683\/revisions\/3751"}],"wp:attachment":[{"href":"https:\/\/www.lixinart.com\/fr\/wp-json\/wp\/v2\/media?parent=2683"}],"curies":[{"name":"wp","href":"https:\/\/api.w.org\/{rel}","templated":true}]}}