{"id":600,"date":"2016-06-04T14:39:04","date_gmt":"2016-06-04T12:39:04","guid":{"rendered":"http:\/\/vinero.com\/?page_id=600"},"modified":"2026-01-26T14:23:27","modified_gmt":"2026-01-26T14:23:27","slug":"about-me","status":"publish","type":"page","link":"https:\/\/www.lixinart.com\/fr\/about-me\/","title":{"rendered":"Bio"},"content":{"rendered":"<p>[vc_section][vc_row full_width=\u00a0\u00bbstretch_row_content_no_spaces\u00a0\u00bb][vc_column]<div class=\"vlthemes_custom_69e93aabe470a   vlt-spacer\" data-id=\"vlthemes_custom_69e93aabe470a\" data-height=\"40\" data-height-mobile=\"40\" data-height-tab=\"40\" data-height-tab-portrait=\"\" data-height-mobile-landscape=\"\"><\/div><div class=\"vlthemes_custom_69e93aabe4751   vlt-custom-title text-center\"><h2>BIO<\/h2><\/div><div class=\"vlthemes_custom_69e93aabe4778   vlt-spacer\" data-id=\"vlthemes_custom_69e93aabe4778\" data-height=\"40\" data-height-mobile=\"40\" data-height-tab=\"40\" data-height-tab-portrait=\"\" data-height-mobile-landscape=\"\"><\/div>[vc_single_image image=\u00a0\u00bb3645&Prime; img_size=\u00a0\u00bbfull\u00a0\u00bb alignment=\u00a0\u00bbcenter\u00a0\u00bb][\/vc_column][\/vc_row][\/vc_section][vc_section][vc_row][vc_column width=\u00a0\u00bb1\/12&Prime;][\/vc_column][vc_column width=\u00a0\u00bb10\/12&Prime;][vc_row_inner][vc_column_inner width=\u00a0\u00bb1\/2&Prime;][vc_column_text] 1973 n\u00e9 au Shaanxi, en Chine<br \/>\nateliers: Paris \/ P\u00e9kin<\/p>\n<p>&nbsp;<\/p>\n<hr \/>\n<p>Expositions personnelles<\/p>\n<p style=\"margin-top:-25px;\">2024 Galerie Valentin, Paris, France<\/p>\n<p style=\"margin-top:-25px;\">2022 La Chapelle de l\u2019Hotel-Dieu \u00e0 Lyon, France<\/p>\n<p style=\"margin-top:-25px;\">2018 Galerie de S\u00e8vres, Paris, France<\/p>\n<p style=\"margin-top:-25px;\">2017 Mus\u00e9e des Beaux-Arts de Lyon, France<\/p>\n<p style=\"margin-top:-25px;\">Nouvel Institut Franco-Chinois, Lyon, France<\/p>\n<p style=\"margin-top:-25px;\">2014 Shanghai Gallery of Art, Shanghai, Chine<\/p>\n<p style=\"margin-top:-25px;\">2012 Yishu8, P\u00e9kin, Chine[\/vc_column_text][\/vc_column_inner][vc_column_inner width=\u00a0\u00bb1\/2&Prime;][vc_column_text]Expositions collectives<\/p>\n<p style=\"margin-top:-25px;\">2025 Mus\u00e9e de l&rsquo;histoire de l&rsquo;immigration, Paris, France<\/p>\n<p style=\"margin-top:-25px;\">2025 Biennale d&rsquo;lssy, France<\/p>\n<p style=\"margin-top:-25px;\">2022 Mus\u00e9e National des Arts Asiatique-GuimetHotel d&rsquo;Heidelbach, Paris, France<\/p>\n<p style=\"margin-top:-25px;\">Hotel d\u2019Heidelbach, Paris, France<\/p>\n<p style=\"margin-top:-25px;\">2020 Mus\u00e9e Rodin, Paris, France<\/p>\n<p style=\"margin-top:-25px;\">2018 Mus\u00e9e National des Arts Asiatique &#8211; Guimet, Paris, France<\/p>\n<p style=\"margin-top:-25px;\">2018 Mus\u00e9e de Suzhou, Chine<\/p>\n<p style=\"margin-top:-25px;\">Mus\u00e9e Hymalaya, Shanghai, Chine<\/p>\n<p style=\"margin-top:-25px;\">2016 Mus\u00e9e Angerlehner, Wels, Autriche<\/p>\n<hr \/>\n<p>Projets<\/p>\n<p style=\"margin-top:-25px;\">2020 Mus\u00e9e Rodin, d\u00e9cores contemporain du mus\u00e9e, Paris, France<\/p>\n<p style=\"margin-top:-25px;\">2017 Manufacture de S\u00e8vres, projet c\u00e9ramique, France<\/p>\n<p style=\"margin-top:-25px;\">2015 Herm\u00e8s, \u00ab\u00a0Le Jardin de Monsieur Li\u00a0\u00bb, France<\/p>\n<hr \/>\n<p>Collections<\/p>\n<p style=\"margin-top:-25px;\">Mus\u00e9e Rodin, Paris, France<\/p>\n<p style=\"margin-top:-25px;\">Mus\u00e9e National des Arts Asiatique &#8211; Guimet, Paris, France<\/p>\n<p style=\"margin-top:-25px;\">Manufacture et Mus\u00e9e Nationaux S\u00e8vres, France<\/p>\n<p style=\"margin-top:-25px;\">Ambassade de Frence, P\u00e9kin, Chine<\/p>\n<p style=\"margin-top:-25px;\">Collection \u00c9mile Herm\u00e8s, Paris, France<\/p>\n<hr \/>\n<p>Bibliographie<\/p>\n<p style=\"margin-top:-25px;\">Li Xin<br \/>\nEditions Somogy<br \/>\nMus\u00e9e des beaux-arts de Lyon, 2017<br \/>\nISBN: 978-2-75721-327-8<\/p>\n<p style=\"margin-top:-25px;\">D\u00e9cors Contemporains du Mus\u00e9e Rodin<br \/>\nMus\u00e9e Rodin, 2021<br \/>\nISBN: 978-2-35377-046-5<\/p>\n<p>[\/vc_column_text][\/vc_column_inner][\/vc_row_inner][\/vc_column][vc_column width=\u00a0\u00bb1\/12&Prime;][\/vc_column][vc_column]<div class=\"vlthemes_custom_69e93aabe4788   vlt-spacer\" data-id=\"vlthemes_custom_69e93aabe4788\" data-height=\"80\" data-height-mobile=\"80\" data-height-tab=\"80\" data-height-tab-portrait=\"\" data-height-mobile-landscape=\"\"><\/div>[\/vc_column][vc_column][vc_row_inner disable_element=\u00a0\u00bbyes\u00a0\u00bb][vc_column_inner width=\u00a0\u00bb1\/4&Prime;]<div class=\"vlthemes_custom_69e93aabe479d   vlt-partner-logo tooltip\" title=\"CSS Awwwards\" style=\"height:100px;\"><a href=\"#\"><\/a><div class=\"vlt-partner-logo__image\" style=\"height:65px;\"><\/div><\/div>[\/vc_column_inner][vc_column_inner width=\u00a0\u00bb1\/4&Prime;]<div class=\"vlthemes_custom_69e93aabe4baf   vlt-partner-logo tooltip\" title=\"FWA\" style=\"height:100px;\"><a href=\"#\"><\/a><div class=\"vlt-partner-logo__image\" style=\"height:55px;\"><\/div><\/div>[\/vc_column_inner][vc_column_inner width=\u00a0\u00bb1\/4&Prime;]<div class=\"vlthemes_custom_69e93aabe5055   vlt-partner-logo tooltip\" title=\"Awwwards\" style=\"height:100px;\"><a href=\"#\"><\/a><div class=\"vlt-partner-logo__image\" style=\"height:55px;\"><\/div><\/div>[\/vc_column_inner][vc_column_inner width=\u00a0\u00bb1\/4&Prime;]<div class=\"vlthemes_custom_69e93aabe5226   vlt-partner-logo tooltip\" title=\"Red Dot\" style=\"height:100px;\"><a href=\"#\"><\/a><div class=\"vlt-partner-logo__image\" style=\"height:65px;\"><\/div><\/div>[\/vc_column_inner][\/vc_row_inner][\/vc_column][\/vc_row][\/vc_section]<\/p>\n","protected":false},"excerpt":{"rendered":"[vc_section][vc_row full_width=\"stretch_row_content_no_spaces\"][vc_column][vc_single_image image=\"3645\" img_size=\"full\" alignment=\"center\"][\/vc_column][\/vc_row][\/vc_section][vc_section][vc_row][vc_column width=\"1\/12\"][\/vc_column][vc_column width=\"10\/12\"][vc_row_inner][vc_column_inner width=\"1\/2\"][vc_column_text] 1973 n\u00e9 au Shaanxi, en Chine","protected":false},"author":1,"featured_media":0,"parent":0,"menu_order":16,"comment_status":"closed","ping_status":"closed","template":"template-custom-page.php","meta":[],"yoast_head":"<!-- This site is optimized with the Yoast SEO plugin v14.6.1 - https:\/\/yoast.com\/wordpress\/plugins\/seo\/ -->\n<title>Bio - LI XIN \u674e\u6615<\/title>\n<meta name=\"description\" content=\"LI XIN \u674e\u6615 Bio\" \/>\n<meta name=\"robots\" content=\"index, follow\" \/>\n<meta name=\"googlebot\" content=\"index, follow, max-snippet:-1, max-image-preview:large, max-video-preview:-1\" \/>\n<meta name=\"bingbot\" content=\"index, follow, max-snippet:-1, max-image-preview:large, max-video-preview:-1\" \/>\n<link rel=\"canonical\" href=\"https:\/\/www.lixinart.com\/about-me\/\" \/>\n<meta property=\"og:locale\" content=\"fr_FR\" \/>\n<meta property=\"og:type\" content=\"article\" \/>\n<meta property=\"og:title\" content=\"Bio - LI XIN \u674e\u6615\" \/>\n<meta property=\"og:description\" content=\"LI XIN \u674e\u6615 Bio\" \/>\n<meta property=\"og:url\" content=\"https:\/\/www.lixinart.com\/about-me\/\" \/>\n<meta property=\"og:site_name\" content=\"LI XIN \u674e\u6615\" \/>\n<meta property=\"article:modified_time\" content=\"2026-01-26T14:23:27+00:00\" \/>\n<meta name=\"twitter:card\" content=\"summary_large_image\" \/>\n<script type=\"application\/ld+json\" class=\"yoast-schema-graph\">{\"@context\":\"https:\/\/schema.org\",\"@graph\":[{\"@type\":[\"Person\",\"Organization\"],\"@id\":\"https:\/\/www.lixinart.com\/fr\/#\/schema\/person\/016c5744317eb64a4c82c91c0f15d2ed\",\"name\":\"LI XIN\",\"image\":{\"@type\":\"ImageObject\",\"@id\":\"https:\/\/www.lixinart.com\/fr\/#personlogo\",\"inLanguage\":\"fr-FR\",\"url\":\"https:\/\/secure.gravatar.com\/avatar\/b6fe14e6e3a551f699aca30f85c9f233?s=96&d=mm&r=g\",\"caption\":\"LI XIN\"},\"logo\":{\"@id\":\"https:\/\/www.lixinart.com\/fr\/#personlogo\"}},{\"@type\":\"WebSite\",\"@id\":\"https:\/\/www.lixinart.com\/fr\/#website\",\"url\":\"https:\/\/www.lixinart.com\/fr\/\",\"name\":\"LI XIN \\u674e\\u6615\",\"description\":\"Atelier Lixin\",\"publisher\":{\"@id\":\"https:\/\/www.lixinart.com\/fr\/#\/schema\/person\/016c5744317eb64a4c82c91c0f15d2ed\"},\"potentialAction\":[{\"@type\":\"SearchAction\",\"target\":\"https:\/\/www.lixinart.com\/fr\/?s={search_term_string}\",\"query-input\":\"required name=search_term_string\"}],\"inLanguage\":\"fr-FR\"},{\"@type\":\"WebPage\",\"@id\":\"https:\/\/www.lixinart.com\/about-me\/#webpage\",\"url\":\"https:\/\/www.lixinart.com\/about-me\/\",\"name\":\"Bio - LI XIN \\u674e\\u6615\",\"isPartOf\":{\"@id\":\"https:\/\/www.lixinart.com\/fr\/#website\"},\"datePublished\":\"2016-06-04T12:39:04+00:00\",\"dateModified\":\"2026-01-26T14:23:27+00:00\",\"description\":\"LI XIN \\u674e\\u6615 Bio\",\"inLanguage\":\"fr-FR\",\"potentialAction\":[{\"@type\":\"ReadAction\",\"target\":[\"https:\/\/www.lixinart.com\/about-me\/\"]}]}]}<\/script>\n<!-- \/ Yoast SEO plugin. -->","_links":{"self":[{"href":"https:\/\/www.lixinart.com\/fr\/wp-json\/wp\/v2\/pages\/600"}],"collection":[{"href":"https:\/\/www.lixinart.com\/fr\/wp-json\/wp\/v2\/pages"}],"about":[{"href":"https:\/\/www.lixinart.com\/fr\/wp-json\/wp\/v2\/types\/page"}],"author":[{"embeddable":true,"href":"https:\/\/www.lixinart.com\/fr\/wp-json\/wp\/v2\/users\/1"}],"replies":[{"embeddable":true,"href":"https:\/\/www.lixinart.com\/fr\/wp-json\/wp\/v2\/comments?post=600"}],"version-history":[{"count":75,"href":"https:\/\/www.lixinart.com\/fr\/wp-json\/wp\/v2\/pages\/600\/revisions"}],"predecessor-version":[{"id":4195,"href":"https:\/\/www.lixinart.com\/fr\/wp-json\/wp\/v2\/pages\/600\/revisions\/4195"}],"wp:attachment":[{"href":"https:\/\/www.lixinart.com\/fr\/wp-json\/wp\/v2\/media?parent=600"}],"curies":[{"name":"wp","href":"https:\/\/api.w.org\/{rel}","templated":true}]}}